{"id":11,"date":"2020-05-20T20:58:32","date_gmt":"2020-05-20T17:58:32","guid":{"rendered":"https:\/\/instotec.fi\/oneline-home\/"},"modified":"2020-09-24T13:28:08","modified_gmt":"2020-09-24T10:28:08","slug":"oneline-home","status":"publish","type":"page","link":"https:\/\/instotec.fi\/","title":{"rendered":"Home"},"content":{"rendered":"","protected":false},"excerpt":{"rendered":"","protected":false},"author":1,"featured_media":0,"parent":0,"menu_order":0,"comment_status":"closed","ping_status":"closed","template":"home-template.php","meta":[],"yoast_head":"<!-- This site is optimized with the Yoast SEO plugin v14.9 - https:\/\/yoast.com\/wordpress\/plugins\/seo\/ -->\n<title>Home - Instotec Oy - Rakentamisen asiantuntija apunasi<\/title>\n<meta name=\"description\" content=\"Tarjoamme kattavasti rakentamisen asiantuntijapalveluita P\u00e4ij\u00e4t-H\u00e4meess\u00e4. Vastaava ty\u00f6njohtaja \/ mestari, p\u00e4\u00e4suunnittelija, valvonta...\" \/>\n<meta name=\"robots\" content=\"index, follow, max-snippet:-1, max-image-preview:large, max-video-preview:-1\" \/>\n<link rel=\"canonical\" href=\"https:\/\/instotec.fi\/\" \/>\n<meta property=\"og:locale\" content=\"fi_FI\" \/>\n<meta property=\"og:type\" content=\"article\" \/>\n<meta property=\"og:title\" content=\"Home - Instotec Oy - Rakentamisen asiantuntija apunasi\" \/>\n<meta property=\"og:description\" content=\"Tarjoamme kattavasti rakentamisen asiantuntijapalveluita P\u00e4ij\u00e4t-H\u00e4meess\u00e4. Vastaava ty\u00f6njohtaja \/ mestari, p\u00e4\u00e4suunnittelija, valvonta...\" \/>\n<meta property=\"og:url\" content=\"https:\/\/instotec.fi\/\" \/>\n<meta property=\"og:site_name\" content=\"Instotec Oy\" \/>\n<meta property=\"article:modified_time\" content=\"2020-09-24T10:28:08+00:00\" \/>\n<meta name=\"twitter:card\" content=\"summary_large_image\" \/>\n<script type=\"application\/ld+json\" class=\"yoast-schema-graph\">{\"@context\":\"https:\/\/schema.org\",\"@graph\":[{\"@type\":\"WebSite\",\"@id\":\"https:\/\/instotec.fi\/#website\",\"url\":\"https:\/\/instotec.fi\/\",\"name\":\"Instotec Oy\",\"description\":\"Rakentamisen asiantuntija apunasi!\",\"potentialAction\":[{\"@type\":\"SearchAction\",\"target\":\"https:\/\/instotec.fi\/?s={search_term_string}\",\"query-input\":\"required name=search_term_string\"}],\"inLanguage\":\"fi\"},{\"@type\":\"WebPage\",\"@id\":\"https:\/\/instotec.fi\/#webpage\",\"url\":\"https:\/\/instotec.fi\/\",\"name\":\"Home - Instotec Oy - Rakentamisen asiantuntija apunasi\",\"isPartOf\":{\"@id\":\"https:\/\/instotec.fi\/#website\"},\"datePublished\":\"2020-05-20T17:58:32+00:00\",\"dateModified\":\"2020-09-24T10:28:08+00:00\",\"description\":\"Tarjoamme kattavasti rakentamisen asiantuntijapalveluita P\\u00e4ij\\u00e4t-H\\u00e4meess\\u00e4. Vastaava ty\\u00f6njohtaja \/ mestari, p\\u00e4\\u00e4suunnittelija, valvonta...\",\"inLanguage\":\"fi\",\"potentialAction\":[{\"@type\":\"ReadAction\",\"target\":[\"https:\/\/instotec.fi\/\"]}]}]}<\/script>\n<!-- \/ Yoast SEO plugin. -->","_links":{"self":[{"href":"https:\/\/instotec.fi\/index.php?rest_route=\/wp\/v2\/pages\/11"}],"collection":[{"href":"https:\/\/instotec.fi\/index.php?rest_route=\/wp\/v2\/pages"}],"about":[{"href":"https:\/\/instotec.fi\/index.php?rest_route=\/wp\/v2\/types\/page"}],"author":[{"embeddable":true,"href":"https:\/\/instotec.fi\/index.php?rest_route=\/wp\/v2\/users\/1"}],"replies":[{"embeddable":true,"href":"https:\/\/instotec.fi\/index.php?rest_route=%2Fwp%2Fv2%2Fcomments&post=11"}],"version-history":[{"count":1,"href":"https:\/\/instotec.fi\/index.php?rest_route=\/wp\/v2\/pages\/11\/revisions"}],"predecessor-version":[{"id":102,"href":"https:\/\/instotec.fi\/index.php?rest_route=\/wp\/v2\/pages\/11\/revisions\/102"}],"wp:attachment":[{"href":"https:\/\/instotec.fi\/index.php?rest_route=%2Fwp%2Fv2%2Fmedia&parent=11"}],"curies":[{"name":"wp","href":"https:\/\/api.w.org\/{rel}","templated":true}]}}